{"id":7,"date":"2021-02-01T20:07:09","date_gmt":"2021-02-01T20:07:09","guid":{"rendered":"https:\/\/pdv.clubfl.net\/?page_id=7"},"modified":"2021-02-01T22:56:20","modified_gmt":"2021-02-01T22:56:20","slug":"digital-signage","status":"publish","type":"page","link":"https:\/\/majorel.screen.expertis-it.fr\/","title":{"rendered":"Digital Signage"},"content":{"rendered":"<div id=\"wpbody\"><div id=\"allDSScreens_taken\" style=\"display:none;\">Ce num\u00e9ro d appareil est d\u00e9j\u00e0 utilis\u00e9 par un autre appareil, SVP veuillez entrer l URL d un autre appareil pour cette afficheur.<br>N utilisez cette URL que sur un seul afficheur en m\u00eame temps.<br>Si il s agit du bon moniteur, suivez ces \u00e9tabpes<br>1) Allez dans l onglet Appareil<br>2) Editer l appareil<br>3) Appuyez sur le bouton \"Li\u00e9 un autre appareil\"<br>4) Recharger la page ou relancer le moniteur<br><br>Si ce probl\u00e8me perssiste, v\u00e9rifiez que votre navigateur supporte les cookies et ne les supprime pas au red\u00e9marrage.<\/div><div id=\"allDSScreens_license\" style=\"display:none;\">Il semblerait qu il y a un probl\u00e8me avec votre licence. V\u00e9rifiez votre clef s il vous plait.<\/div><div id=\"allDSScreens\" style=\"display:none;\"><input type=\"hidden\" value=\"1776099289\" id=\"buildtime\" name=\"buildtime\"><\/div><\/div><script type=\"text\/javascript\">var last_state = \"new\";var refresh_interval = 60000;function ds_update_page() {var time_obj = jQuery(\"#buildtime\");if (time_obj != null) {var time = time_obj.val();jQuery.ajax({url:\"https:\/\/majorel.screen.expertis-it.fr\/wp-admin\/admin-ajax.php\",data:{\"action\": \"signage_update_page_ajax\",\"program\":\"0\",\"device\":\"0\",\"force_update\":\"1\",\"time\": time},type:\"post\",cache:false,}).done (function(data) {if (data !== last_state) {last_state = data;if (data==\"update\") {var url = window.location.href;var d = new Date();var newtimestamp = d.getTime();var n = url.indexOf(\"&time=\");if (n > -1) {var timestamp = url.substr(n+6);url = url.replace(timestamp, \"\") + newtimestamp;} else {url = url + \"&time=\" + newtimestamp;}window.location.replace(url);} else if (data==\"occupied\") {jQuery(\"#allDSScreens\").css(\"display\",\"none\");jQuery(\"#allDSScreens_taken\").css(\"display\",\"\");jQuery(\"#allDSScreens_license\").css(\"display\",\"none\");stopAllVideos();} else if (data==\"license\") {jQuery(\"#allDSScreens\").css(\"display\",\"none\");jQuery(\"#allDSScreens_taken\").css(\"display\",\"none\");jQuery(\"#allDSScreens_license\").css(\"display\",\"\");} else {jQuery(\"#allDSScreens\").css(\"display\",\"\");jQuery(\"#allDSScreens_taken\").css(\"display\",\"none\");jQuery(\"#allDSScreens_license\").css(\"display\",\"none\");jQuery(window).trigger(\"resize\");}}});}}<\/script>\n","protected":false},"excerpt":{"rendered":"","protected":false},"author":1,"featured_media":0,"parent":0,"menu_order":0,"comment_status":"closed","ping_status":"closed","template":"","meta":[],"_links":{"self":[{"href":"https:\/\/majorel.screen.expertis-it.fr\/index.php?rest_route=\/wp\/v2\/pages\/7"}],"collection":[{"href":"https:\/\/majorel.screen.expertis-it.fr\/index.php?rest_route=\/wp\/v2\/pages"}],"about":[{"href":"https:\/\/majorel.screen.expertis-it.fr\/index.php?rest_route=\/wp\/v2\/types\/page"}],"author":[{"embeddable":true,"href":"https:\/\/majorel.screen.expertis-it.fr\/index.php?rest_route=\/wp\/v2\/users\/1"}],"replies":[{"embeddable":true,"href":"https:\/\/majorel.screen.expertis-it.fr\/index.php?rest_route=%2Fwp%2Fv2%2Fcomments&post=7"}],"version-history":[{"count":3,"href":"https:\/\/majorel.screen.expertis-it.fr\/index.php?rest_route=\/wp\/v2\/pages\/7\/revisions"}],"predecessor-version":[{"id":20,"href":"https:\/\/majorel.screen.expertis-it.fr\/index.php?rest_route=\/wp\/v2\/pages\/7\/revisions\/20"}],"wp:attachment":[{"href":"https:\/\/majorel.screen.expertis-it.fr\/index.php?rest_route=%2Fwp%2Fv2%2Fmedia&parent=7"}],"curies":[{"name":"wp","href":"https:\/\/api.w.org\/{rel}","templated":true}]}}